{"id":678,"date":"2021-07-13T23:00:01","date_gmt":"2021-07-13T21:00:01","guid":{"rendered":"https:\/\/www.sacla.be\/?post_type=product&#038;p=678"},"modified":"2021-07-21T12:23:51","modified_gmt":"2021-07-21T10:23:51","slug":"pesto-van-basilicum-190g","status":"publish","type":"product","link":"https:\/\/www.sacla.be\/nl\/italiaans-product\/pesto-van-basilicum-190g\/","title":{"rendered":"Pesto van basilicum (190g)"},"content":{"rendered":"","protected":false},"excerpt":{"rendered":"<p class=\"p1\">Om onze Classic Basil Pesto te maken, beuken we samen de verse bladeren met Parmigiano Reggiano, Pecorino Romano en pijnboompitten. Met \u00e9\u00e9n pot van onze Basil Pesto cre\u00eber je eindeloze authentieke gerechten en Italiaanse kanten \u2013 van vrijdagavond pizza en knoflookbrood tot garnalenpasta en kiptagliatelle.<\/p>\n","protected":false},"featured_media":1131,"template":"","meta":{"_acf_changed":false,"inline_featured_image":false},"product_features":[188,189],"product_brand":[],"product_cat":[202],"product_tag":[],"class_list":{"0":"post-678","1":"product","2":"type-product","3":"status-publish","4":"has-post-thumbnail","6":"product_features-gluten-free-fr-nl","7":"product_features-no-preservatives-fr-nl","8":"product_cat-pesti","10":"first","11":"instock","12":"shipping-taxable","13":"product-type-simple"},"acf":[],"yoast_head":"<!-- This site is optimized with the Yoast SEO plugin v27.4 - https:\/\/yoast.com\/product\/yoast-seo-wordpress\/ -->\n<title>Pesto van basilicum (190g) - F.lli Sacl\u00e0 S.p.A.<\/title>\n<meta name=\"description\" content=\"Om onze Classic Basil Pesto te maken, beuken we samen de verse bladeren met Parmigiano Reggiano, Pecorino Romano en pijnboompitten. Met \u00e9\u00e9n pot van onze Basil Pesto cre\u00eber je eindeloze authentieke gerechten en Italiaanse kanten \u2013 van vrijdagavond pizza en knoflookbrood tot garnalenpasta en kiptagliatelle.\" \/>\n<meta name=\"robots\" content=\"index, follow, max-snippet:-1, max-image-preview:large, max-video-preview:-1\" \/>\n<link rel=\"canonical\" href=\"https:\/\/www.sacla.be\/nl\/italiaans-product\/pesto-van-basilicum-190g\/\" \/>\n<meta property=\"og:locale\" content=\"nl_NL\" \/>\n<meta property=\"og:type\" content=\"article\" \/>\n<meta property=\"og:title\" content=\"Pesto van basilicum (190g) - F.lli Sacl\u00e0 S.p.A.\" \/>\n<meta property=\"og:description\" content=\"Om onze Classic Basil Pesto te maken, beuken we samen de verse bladeren met Parmigiano Reggiano, Pecorino Romano en pijnboompitten. Met \u00e9\u00e9n pot van onze Basil Pesto cre\u00eber je eindeloze authentieke gerechten en Italiaanse kanten \u2013 van vrijdagavond pizza en knoflookbrood tot garnalenpasta en kiptagliatelle.\" \/>\n<meta property=\"og:url\" content=\"https:\/\/www.sacla.be\/nl\/italiaans-product\/pesto-van-basilicum-190g\/\" \/>\n<meta property=\"og:site_name\" content=\"F.lli Sacl\u00e0 S.p.A.\" \/>\n<meta property=\"article:modified_time\" content=\"2021-07-21T10:23:51+00:00\" \/>\n<meta property=\"og:image\" content=\"https:\/\/www.sacla.be\/wp-content\/uploads\/2021\/04\/E0A002V3CBA00.png\" \/>\n\t<meta property=\"og:image:width\" content=\"588\" \/>\n\t<meta property=\"og:image:height\" content=\"588\" \/>\n\t<meta property=\"og:image:type\" content=\"image\/png\" \/>\n<meta name=\"twitter:card\" content=\"summary_large_image\" \/>\n<script type=\"application\/ld+json\" class=\"yoast-schema-graph\">{\"@context\":\"https:\\\/\\\/schema.org\",\"@graph\":[{\"@type\":\"WebPage\",\"@id\":\"https:\\\/\\\/www.sacla.be\\\/nl\\\/italiaans-product\\\/pesto-van-basilicum-190g\\\/\",\"url\":\"https:\\\/\\\/www.sacla.be\\\/nl\\\/italiaans-product\\\/pesto-van-basilicum-190g\\\/\",\"name\":\"Pesto van basilicum (190g) - F.lli Sacl\u00e0 S.p.A.\",\"isPartOf\":{\"@id\":\"https:\\\/\\\/www.sacla.be\\\/nl\\\/#website\"},\"primaryImageOfPage\":{\"@id\":\"https:\\\/\\\/www.sacla.be\\\/nl\\\/italiaans-product\\\/pesto-van-basilicum-190g\\\/#primaryimage\"},\"image\":{\"@id\":\"https:\\\/\\\/www.sacla.be\\\/nl\\\/italiaans-product\\\/pesto-van-basilicum-190g\\\/#primaryimage\"},\"thumbnailUrl\":\"https:\\\/\\\/www.sacla.be\\\/wp-content\\\/uploads\\\/2021\\\/04\\\/E0A002V3CBA00.png\",\"datePublished\":\"2021-07-13T21:00:01+00:00\",\"dateModified\":\"2021-07-21T10:23:51+00:00\",\"description\":\"Om onze Classic Basil Pesto te maken, beuken we samen de verse bladeren met Parmigiano Reggiano, Pecorino Romano en pijnboompitten. Met \u00e9\u00e9n pot van onze Basil Pesto cre\u00eber je eindeloze authentieke gerechten en Italiaanse kanten \u2013 van vrijdagavond pizza en knoflookbrood tot garnalenpasta en kiptagliatelle.\",\"breadcrumb\":{\"@id\":\"https:\\\/\\\/www.sacla.be\\\/nl\\\/italiaans-product\\\/pesto-van-basilicum-190g\\\/#breadcrumb\"},\"inLanguage\":\"nl-NL\",\"potentialAction\":[{\"@type\":\"ReadAction\",\"target\":[\"https:\\\/\\\/www.sacla.be\\\/nl\\\/italiaans-product\\\/pesto-van-basilicum-190g\\\/\"]}]},{\"@type\":\"ImageObject\",\"inLanguage\":\"nl-NL\",\"@id\":\"https:\\\/\\\/www.sacla.be\\\/nl\\\/italiaans-product\\\/pesto-van-basilicum-190g\\\/#primaryimage\",\"url\":\"https:\\\/\\\/www.sacla.be\\\/wp-content\\\/uploads\\\/2021\\\/04\\\/E0A002V3CBA00.png\",\"contentUrl\":\"https:\\\/\\\/www.sacla.be\\\/wp-content\\\/uploads\\\/2021\\\/04\\\/E0A002V3CBA00.png\",\"width\":588,\"height\":588},{\"@type\":\"BreadcrumbList\",\"@id\":\"https:\\\/\\\/www.sacla.be\\\/nl\\\/italiaans-product\\\/pesto-van-basilicum-190g\\\/#breadcrumb\",\"itemListElement\":[{\"@type\":\"ListItem\",\"position\":1,\"name\":\"Home\",\"item\":\"https:\\\/\\\/www.sacla.be\\\/nl\\\/\"},{\"@type\":\"ListItem\",\"position\":2,\"name\":\"Producten\",\"item\":\"https:\\\/\\\/www.sacla.be\\\/nl\\\/shop\\\/\"},{\"@type\":\"ListItem\",\"position\":3,\"name\":\"Pesto van basilicum (190g)\"}]},{\"@type\":\"WebSite\",\"@id\":\"https:\\\/\\\/www.sacla.be\\\/nl\\\/#website\",\"url\":\"https:\\\/\\\/www.sacla.be\\\/nl\\\/\",\"name\":\"F.lli Sacl\u00e0 S.p.A.\",\"description\":\"Italian Fine Food\",\"publisher\":{\"@id\":\"https:\\\/\\\/www.sacla.be\\\/nl\\\/#organization\"},\"potentialAction\":[{\"@type\":\"SearchAction\",\"target\":{\"@type\":\"EntryPoint\",\"urlTemplate\":\"https:\\\/\\\/www.sacla.be\\\/nl\\\/?s={search_term_string}\"},\"query-input\":{\"@type\":\"PropertyValueSpecification\",\"valueRequired\":true,\"valueName\":\"search_term_string\"}}],\"inLanguage\":\"nl-NL\"},{\"@type\":\"Organization\",\"@id\":\"https:\\\/\\\/www.sacla.be\\\/nl\\\/#organization\",\"name\":\"F.lli Sacl\u00e0 S.p.A.\",\"url\":\"https:\\\/\\\/www.sacla.be\\\/nl\\\/\",\"logo\":{\"@type\":\"ImageObject\",\"inLanguage\":\"nl-NL\",\"@id\":\"https:\\\/\\\/www.sacla.be\\\/nl\\\/#\\\/schema\\\/logo\\\/image\\\/\",\"url\":\"https:\\\/\\\/www.sacla.be\\\/wp-content\\\/uploads\\\/2021\\\/03\\\/logo-sacla-300.png\",\"contentUrl\":\"https:\\\/\\\/www.sacla.be\\\/wp-content\\\/uploads\\\/2021\\\/03\\\/logo-sacla-300.png\",\"width\":300,\"height\":185,\"caption\":\"F.lli Sacl\u00e0 S.p.A.\"},\"image\":{\"@id\":\"https:\\\/\\\/www.sacla.be\\\/nl\\\/#\\\/schema\\\/logo\\\/image\\\/\"}}]}<\/script>\n<!-- \/ Yoast SEO plugin. -->","yoast_head_json":{"title":"Pesto van basilicum (190g) - F.lli Sacl\u00e0 S.p.A.","description":"Om onze Classic Basil Pesto te maken, beuken we samen de verse bladeren met Parmigiano Reggiano, Pecorino Romano en pijnboompitten. Met \u00e9\u00e9n pot van onze Basil Pesto cre\u00eber je eindeloze authentieke gerechten en Italiaanse kanten \u2013 van vrijdagavond pizza en knoflookbrood tot garnalenpasta en kiptagliatelle.","robots":{"index":"index","follow":"follow","max-snippet":"max-snippet:-1","max-image-preview":"max-image-preview:large","max-video-preview":"max-video-preview:-1"},"canonical":"https:\/\/www.sacla.be\/nl\/italiaans-product\/pesto-van-basilicum-190g\/","og_locale":"nl_NL","og_type":"article","og_title":"Pesto van basilicum (190g) - F.lli Sacl\u00e0 S.p.A.","og_description":"Om onze Classic Basil Pesto te maken, beuken we samen de verse bladeren met Parmigiano Reggiano, Pecorino Romano en pijnboompitten. Met \u00e9\u00e9n pot van onze Basil Pesto cre\u00eber je eindeloze authentieke gerechten en Italiaanse kanten \u2013 van vrijdagavond pizza en knoflookbrood tot garnalenpasta en kiptagliatelle.","og_url":"https:\/\/www.sacla.be\/nl\/italiaans-product\/pesto-van-basilicum-190g\/","og_site_name":"F.lli Sacl\u00e0 S.p.A.","article_modified_time":"2021-07-21T10:23:51+00:00","og_image":[{"width":588,"height":588,"url":"https:\/\/www.sacla.be\/wp-content\/uploads\/2021\/04\/E0A002V3CBA00.png","type":"image\/png"}],"twitter_card":"summary_large_image","schema":{"@context":"https:\/\/schema.org","@graph":[{"@type":"WebPage","@id":"https:\/\/www.sacla.be\/nl\/italiaans-product\/pesto-van-basilicum-190g\/","url":"https:\/\/www.sacla.be\/nl\/italiaans-product\/pesto-van-basilicum-190g\/","name":"Pesto van basilicum (190g) - F.lli Sacl\u00e0 S.p.A.","isPartOf":{"@id":"https:\/\/www.sacla.be\/nl\/#website"},"primaryImageOfPage":{"@id":"https:\/\/www.sacla.be\/nl\/italiaans-product\/pesto-van-basilicum-190g\/#primaryimage"},"image":{"@id":"https:\/\/www.sacla.be\/nl\/italiaans-product\/pesto-van-basilicum-190g\/#primaryimage"},"thumbnailUrl":"https:\/\/www.sacla.be\/wp-content\/uploads\/2021\/04\/E0A002V3CBA00.png","datePublished":"2021-07-13T21:00:01+00:00","dateModified":"2021-07-21T10:23:51+00:00","description":"Om onze Classic Basil Pesto te maken, beuken we samen de verse bladeren met Parmigiano Reggiano, Pecorino Romano en pijnboompitten. Met \u00e9\u00e9n pot van onze Basil Pesto cre\u00eber je eindeloze authentieke gerechten en Italiaanse kanten \u2013 van vrijdagavond pizza en knoflookbrood tot garnalenpasta en kiptagliatelle.","breadcrumb":{"@id":"https:\/\/www.sacla.be\/nl\/italiaans-product\/pesto-van-basilicum-190g\/#breadcrumb"},"inLanguage":"nl-NL","potentialAction":[{"@type":"ReadAction","target":["https:\/\/www.sacla.be\/nl\/italiaans-product\/pesto-van-basilicum-190g\/"]}]},{"@type":"ImageObject","inLanguage":"nl-NL","@id":"https:\/\/www.sacla.be\/nl\/italiaans-product\/pesto-van-basilicum-190g\/#primaryimage","url":"https:\/\/www.sacla.be\/wp-content\/uploads\/2021\/04\/E0A002V3CBA00.png","contentUrl":"https:\/\/www.sacla.be\/wp-content\/uploads\/2021\/04\/E0A002V3CBA00.png","width":588,"height":588},{"@type":"BreadcrumbList","@id":"https:\/\/www.sacla.be\/nl\/italiaans-product\/pesto-van-basilicum-190g\/#breadcrumb","itemListElement":[{"@type":"ListItem","position":1,"name":"Home","item":"https:\/\/www.sacla.be\/nl\/"},{"@type":"ListItem","position":2,"name":"Producten","item":"https:\/\/www.sacla.be\/nl\/shop\/"},{"@type":"ListItem","position":3,"name":"Pesto van basilicum (190g)"}]},{"@type":"WebSite","@id":"https:\/\/www.sacla.be\/nl\/#website","url":"https:\/\/www.sacla.be\/nl\/","name":"F.lli Sacl\u00e0 S.p.A.","description":"Italian Fine Food","publisher":{"@id":"https:\/\/www.sacla.be\/nl\/#organization"},"potentialAction":[{"@type":"SearchAction","target":{"@type":"EntryPoint","urlTemplate":"https:\/\/www.sacla.be\/nl\/?s={search_term_string}"},"query-input":{"@type":"PropertyValueSpecification","valueRequired":true,"valueName":"search_term_string"}}],"inLanguage":"nl-NL"},{"@type":"Organization","@id":"https:\/\/www.sacla.be\/nl\/#organization","name":"F.lli Sacl\u00e0 S.p.A.","url":"https:\/\/www.sacla.be\/nl\/","logo":{"@type":"ImageObject","inLanguage":"nl-NL","@id":"https:\/\/www.sacla.be\/nl\/#\/schema\/logo\/image\/","url":"https:\/\/www.sacla.be\/wp-content\/uploads\/2021\/03\/logo-sacla-300.png","contentUrl":"https:\/\/www.sacla.be\/wp-content\/uploads\/2021\/03\/logo-sacla-300.png","width":300,"height":185,"caption":"F.lli Sacl\u00e0 S.p.A."},"image":{"@id":"https:\/\/www.sacla.be\/nl\/#\/schema\/logo\/image\/"}}]}},"_links":{"self":[{"href":"https:\/\/www.sacla.be\/nl\/wp-json\/wp\/v2\/product\/678","targetHints":{"allow":["GET"]}}],"collection":[{"href":"https:\/\/www.sacla.be\/nl\/wp-json\/wp\/v2\/product"}],"about":[{"href":"https:\/\/www.sacla.be\/nl\/wp-json\/wp\/v2\/types\/product"}],"version-history":[{"count":7,"href":"https:\/\/www.sacla.be\/nl\/wp-json\/wp\/v2\/product\/678\/revisions"}],"predecessor-version":[{"id":4614,"href":"https:\/\/www.sacla.be\/nl\/wp-json\/wp\/v2\/product\/678\/revisions\/4614"}],"wp:featuredmedia":[{"embeddable":true,"href":"https:\/\/www.sacla.be\/nl\/wp-json\/wp\/v2\/media\/1131"}],"wp:attachment":[{"href":"https:\/\/www.sacla.be\/nl\/wp-json\/wp\/v2\/media?parent=678"}],"wp:term":[{"taxonomy":"product_features","embeddable":true,"href":"https:\/\/www.sacla.be\/nl\/wp-json\/wp\/v2\/product_features?post=678"},{"taxonomy":"product_brand","embeddable":true,"href":"https:\/\/www.sacla.be\/nl\/wp-json\/wp\/v2\/product_brand?post=678"},{"taxonomy":"product_cat","embeddable":true,"href":"https:\/\/www.sacla.be\/nl\/wp-json\/wp\/v2\/product_cat?post=678"},{"taxonomy":"product_tag","embeddable":true,"href":"https:\/\/www.sacla.be\/nl\/wp-json\/wp\/v2\/product_tag?post=678"}],"curies":[{"name":"wp","href":"https:\/\/api.w.org\/{rel}","templated":true}]}}